{"id":13,"date":"2018-10-27T18:05:32","date_gmt":"2018-10-27T18:05:32","guid":{"rendered":"http:\/\/foerderverein-rosenweg.de\/?page_id=13"},"modified":"2023-10-31T19:59:42","modified_gmt":"2023-10-31T19:59:42","slug":"ueber-uns","status":"publish","type":"page","link":"https:\/\/foerderverein-rosenweg.de\/?page_id=13","title":{"rendered":"\u00dcber uns"},"content":{"rendered":"<p>Der F\u00f6rderverein &#8222;Freunde und F\u00f6rderer der Grundschule am Rosenweg&#8220; e.V. wurde 2012 zur tatkr\u00e4ftigen Unterst\u00fctzung der Grundschule am Rosenweg in Delitzsch gegr\u00fcndet. Zweck des Vereins ist die ideelle, materielle und finanzielle Unterst\u00fctzung der Schulanliegen unserer rund 400 Grundschulkinder im Alter zwischen 6 und 10 Jahren. Alle Aktivit\u00e4ten orientieren sich am Wohl der Kinder und sollen den Erziehungs- und Bildungsauftrag der Schule st\u00e4rken. Mit Hilfe der Einnahmen aus Mitgliedsbeitr\u00e4gen und Spenden k\u00f6nnen wir bei der Ausstattung und Ausgestaltung des Schullebens\u00a0helfen. Seit Bestehen des Vereins konnten schon viele Dinge, die den Kindern den Schulalltag angenehmer machen, umgesetzt werden.<\/p>\n<h3>Unsere Ziele sind:<\/h3>\n<ul>\n<li>die Unterst\u00fctzung bei der F\u00f6rderung von Bildung und Erziehung der Sch\u00fcler und Sch\u00fclerinnen der Grundschule am Rosenweg<\/li>\n<li>Erbringen von Mitteln, die es erm\u00f6glichen, die Lehr- und Lernbedingungen zu verbessern<\/li>\n<li>das Aufbringen von Beihilfen f\u00fcr schulische und au\u00dferschulische Veranstaltungen im Rahmen der Bildung und Erziehung<\/li>\n<li>das Aufrechterhalten der Bindung zwischen der Schule, den Sch\u00fclern und Sch\u00fclerinnen sowie Freunden und F\u00f6rderern der Grundschule am Rosenweg<\/li>\n<\/ul>\n<p>Derzeit z\u00e4hlen wir rund <strong>100<\/strong> Mitglieder, die sich einmal j\u00e4hrlich zur Mitgliederversammlung treffen. Der Vorstand kommt einmal im Monat zur Vorstandssitzung zusammen.<\/p>\n<h3>Unsere Vorstandsmitglieder sind:<\/h3>\n<p>Marlene Werner &#8211; Vorstandsvorsitzende<br \/>\nKerstin Kr\u00fcger &#8211; stellvertretende Vorstandsvorsitzende<br \/>\nSylke Schneider &#8211; Schatzmeisterin<br \/>\nKatja Majer &#8211; Schriftf\u00fchrerin<br \/>\nIngo Thiele &#8211; Beisitzer<\/p>\n<p>Der F\u00f6rderverein &#8222;Freunde und F\u00f6rderer der Grundschule am Rosenweg&#8220; e.V. ist im Vereinsregister des Amtsgerichtes Leipzig eingetragen. Er verfolgt ausschlie\u00dflich und unmittelbar gemeinn\u00fctzige Zwecke im Sinne des Abschnittes &#8222;steuerbeg\u00fcnstigte Zwecke&#8220; der Abgabenordnung. Der Verein ist somit berechtigt, Spendenquittungen auszustellen.<\/p>\n<p>&nbsp;<\/p>\n","protected":false},"excerpt":{"rendered":"<p>Der F\u00f6rderverein &#8222;Freunde und F\u00f6rderer der Grundschule am Rosenweg&#8220; e.V. wurde 2012 zur tatkr\u00e4ftigen Unterst\u00fctzung der Grundschule am Rosenweg in &hellip; <\/p>\n","protected":false},"author":1,"featured_media":0,"parent":0,"menu_order":3,"comment_status":"closed","ping_status":"closed","template":"","meta":{"jetpack_post_was_ever_published":false,"footnotes":""},"class_list":["post-13","page","type-page","status-publish","hentry"],"jetpack_sharing_enabled":true,"jetpack_shortlink":"https:\/\/wp.me\/Pap1pQ-d","_links":{"self":[{"href":"https:\/\/foerderverein-rosenweg.de\/index.php?rest_route=\/wp\/v2\/pages\/13","targetHints":{"allow":["GET"]}}],"collection":[{"href":"https:\/\/foerderverein-rosenweg.de\/index.php?rest_route=\/wp\/v2\/pages"}],"about":[{"href":"https:\/\/foerderverein-rosenweg.de\/index.php?rest_route=\/wp\/v2\/types\/page"}],"author":[{"embeddable":true,"href":"https:\/\/foerderverein-rosenweg.de\/index.php?rest_route=\/wp\/v2\/users\/1"}],"replies":[{"embeddable":true,"href":"https:\/\/foerderverein-rosenweg.de\/index.php?rest_route=%2Fwp%2Fv2%2Fcomments&post=13"}],"version-history":[{"count":0,"href":"https:\/\/foerderverein-rosenweg.de\/index.php?rest_route=\/wp\/v2\/pages\/13\/revisions"}],"wp:attachment":[{"href":"https:\/\/foerderverein-rosenweg.de\/index.php?rest_route=%2Fwp%2Fv2%2Fmedia&parent=13"}],"curies":[{"name":"wp","href":"https:\/\/api.w.org\/{rel}","templated":true}]}}