{"id":15,"date":"2018-10-27T18:08:10","date_gmt":"2018-10-27T18:08:10","guid":{"rendered":"http:\/\/foerderverein-rosenweg.de\/?page_id=15"},"modified":"2018-10-28T17:36:27","modified_gmt":"2018-10-28T17:36:27","slug":"brotzeit","status":"publish","type":"page","link":"https:\/\/foerderverein-rosenweg.de\/?page_id=15","title":{"rendered":"gesundes Fr\u00fchst\u00fcck"},"content":{"rendered":"<p><strong>Ein gesundes Fr\u00fchst\u00fcck liefert Energie und ist nat\u00fcrlich lecker!<\/strong><\/p>\n<p>Seit 2012 gibt es an der Grundschule am Rosenweg in Delitzsch t\u00e4glich f\u00fcr alle Sch\u00fclerinnen und Sch\u00fcler ein gemeinsames und ausgewogenes Fr\u00fchst\u00fcck vor dem Schulbeginn. Dies besteht gr\u00f6\u00dftenteils aus gesund belegten Broten, saisonalen Obst- und Gem\u00fcsesorten, kindgerechten Milchprodukten und einem wechselnden M\u00fcsli- und Kornflakesangebot. Das Fr\u00fchst\u00fcck wird t\u00e4glich von engagierten Seniorinnen liebevoll zubereitet. Die Kinder lernen gleichzeitig den ordnungsgem\u00e4\u00dfen Umgang mit Lebensmitteln und die Einhaltung von Hygienevorschriften bei der Einnahme von Mahlzeiten.<\/p>\n<p>Finanziert wird das gesunde Fr\u00fchst\u00fcck durch den &#8222;BrotZeit&#8220; e.V. unter der Schirmherrschaft von Uschi Glas und einer Vielzahl von freundlichen und flei\u00dfigen Mitarbeitern. Weitere Informationen finden Sie <a href=\"https:\/\/www.brotzeitfuerkinder.com\/\" target=\"_blank\" rel=\"noopener\">hier<\/a>:<\/p>\n","protected":false},"excerpt":{"rendered":"<p>Ein gesundes Fr\u00fchst\u00fcck liefert Energie und ist nat\u00fcrlich lecker! Seit 2012 gibt es an der Grundschule am Rosenweg in Delitzsch &hellip; <\/p>\n","protected":false},"author":1,"featured_media":0,"parent":0,"menu_order":4,"comment_status":"closed","ping_status":"closed","template":"","meta":{"jetpack_post_was_ever_published":false,"footnotes":""},"class_list":["post-15","page","type-page","status-publish","hentry"],"jetpack_sharing_enabled":true,"jetpack_shortlink":"https:\/\/wp.me\/Pap1pQ-f","_links":{"self":[{"href":"https:\/\/foerderverein-rosenweg.de\/index.php?rest_route=\/wp\/v2\/pages\/15","targetHints":{"allow":["GET"]}}],"collection":[{"href":"https:\/\/foerderverein-rosenweg.de\/index.php?rest_route=\/wp\/v2\/pages"}],"about":[{"href":"https:\/\/foerderverein-rosenweg.de\/index.php?rest_route=\/wp\/v2\/types\/page"}],"author":[{"embeddable":true,"href":"https:\/\/foerderverein-rosenweg.de\/index.php?rest_route=\/wp\/v2\/users\/1"}],"replies":[{"embeddable":true,"href":"https:\/\/foerderverein-rosenweg.de\/index.php?rest_route=%2Fwp%2Fv2%2Fcomments&post=15"}],"version-history":[{"count":0,"href":"https:\/\/foerderverein-rosenweg.de\/index.php?rest_route=\/wp\/v2\/pages\/15\/revisions"}],"wp:attachment":[{"href":"https:\/\/foerderverein-rosenweg.de\/index.php?rest_route=%2Fwp%2Fv2%2Fmedia&parent=15"}],"curies":[{"name":"wp","href":"https:\/\/api.w.org\/{rel}","templated":true}]}}